{"id":31,"date":"2023-06-14T16:03:11","date_gmt":"2023-06-14T14:03:11","guid":{"rendered":"https:\/\/jmb-art.fr\/?page_id=31"},"modified":"2025-11-27T18:47:56","modified_gmt":"2025-11-27T17:47:56","slug":"a-propos","status":"publish","type":"page","link":"https:\/\/jmb-art.fr\/index.php\/a-propos\/","title":{"rendered":"Contact"},"content":{"rendered":"\n<p>Vous en apprendrez beaucoup sur moi, \u00e0 mon corps d\u00e9fendant, en d\u00e9couvrant mes dessins et les textes qui souvent les accompagnent.<\/p>\n\n\n\n<p>&#8230; Pour me contacter : jmbuttard21@gmail.com <\/p>\n\n\n\n<p>&#8230; Retrouvez-moi <a href=\"https:\/\/www.facebook.com\/profile.php?id=100005066988583\">sur Facebook<\/a> <\/p>\n\n\n\n<h2 class=\"wp-block-heading\">Dans la presse (Dimanche 07\/01\/2024)<\/h2>\n\n\n\n<figure class=\"wp-block-image size-full\"><img loading=\"lazy\" decoding=\"async\" width=\"577\" height=\"891\" src=\"https:\/\/jmb-art.fr\/wp-content\/uploads\/2024\/01\/BP1.jpg\" alt=\"\" class=\"wp-image-282\" srcset=\"https:\/\/jmb-art.fr\/wp-content\/uploads\/2024\/01\/BP1.jpg 577w, https:\/\/jmb-art.fr\/wp-content\/uploads\/2024\/01\/BP1-194x300.jpg 194w\" sizes=\"auto, (max-width: 577px) 100vw, 577px\" \/><\/figure>\n\n\n\n<figure class=\"wp-block-image size-large\"><img loading=\"lazy\" decoding=\"async\" width=\"1024\" height=\"782\" src=\"https:\/\/jmb-art.fr\/wp-content\/uploads\/2024\/01\/BP2-1024x782.jpg\" alt=\"\" class=\"wp-image-283\" srcset=\"https:\/\/jmb-art.fr\/wp-content\/uploads\/2024\/01\/BP2-1024x782.jpg 1024w, https:\/\/jmb-art.fr\/wp-content\/uploads\/2024\/01\/BP2-300x229.jpg 300w, https:\/\/jmb-art.fr\/wp-content\/uploads\/2024\/01\/BP2-768x587.jpg 768w, https:\/\/jmb-art.fr\/wp-content\/uploads\/2024\/01\/BP2.jpg 1169w\" sizes=\"auto, (max-width: 1024px) 100vw, 1024px\" \/><\/figure>\n","protected":false},"excerpt":{"rendered":"<p>Vous en apprendrez beaucoup sur moi, \u00e0 mon corps d\u00e9fendant, en d\u00e9couvrant mes dessins et les textes qui souvent les accompagnent. &#8230; Pour me contacter : jmbuttard21@gmail.com &#8230; Retrouvez-moi sur Facebook Dans la presse (Dimanche 07\/01\/2024)<\/p>\n","protected":false},"author":1,"featured_media":0,"parent":0,"menu_order":0,"comment_status":"closed","ping_status":"closed","template":"","meta":{"footnotes":""},"class_list":["post-31","page","type-page","status-publish","hentry","entry"],"_links":{"self":[{"href":"https:\/\/jmb-art.fr\/index.php\/wp-json\/wp\/v2\/pages\/31","targetHints":{"allow":["GET"]}}],"collection":[{"href":"https:\/\/jmb-art.fr\/index.php\/wp-json\/wp\/v2\/pages"}],"about":[{"href":"https:\/\/jmb-art.fr\/index.php\/wp-json\/wp\/v2\/types\/page"}],"author":[{"embeddable":true,"href":"https:\/\/jmb-art.fr\/index.php\/wp-json\/wp\/v2\/users\/1"}],"replies":[{"embeddable":true,"href":"https:\/\/jmb-art.fr\/index.php\/wp-json\/wp\/v2\/comments?post=31"}],"version-history":[{"count":7,"href":"https:\/\/jmb-art.fr\/index.php\/wp-json\/wp\/v2\/pages\/31\/revisions"}],"predecessor-version":[{"id":944,"href":"https:\/\/jmb-art.fr\/index.php\/wp-json\/wp\/v2\/pages\/31\/revisions\/944"}],"wp:attachment":[{"href":"https:\/\/jmb-art.fr\/index.php\/wp-json\/wp\/v2\/media?parent=31"}],"curies":[{"name":"wp","href":"https:\/\/api.w.org\/{rel}","templated":true}]}}