{"id":36,"date":"2023-06-14T17:47:43","date_gmt":"2023-06-14T15:47:43","guid":{"rendered":"https:\/\/jmb-art.fr\/?page_id=36"},"modified":"2025-11-27T18:36:34","modified_gmt":"2025-11-27T17:36:34","slug":"accueil","status":"publish","type":"page","link":"https:\/\/jmb-art.fr\/","title":{"rendered":"Accueil"},"content":{"rendered":"\n<figure class=\"wp-block-video\"><video height=\"1080\" style=\"aspect-ratio: 1920 \/ 1080;\" width=\"1920\" controls src=\"https:\/\/jmb-art.fr\/wp-content\/uploads\/2025\/11\/Accueil.mp4\"><\/video><\/figure>\n\n\n\n<figure class=\"wp-block-table\"><table class=\"has-fixed-layout\"><tbody><tr><td class=\"has-text-align-center\" data-align=\"center\"><a href=\"https:\/\/jmb-art.fr\/index.php\/2024\/01\/03\/les-excuses-du-lundi\/\">Les Excuses du Lundi<\/a><\/td><td class=\"has-text-align-center\" data-align=\"center\"><a href=\"https:\/\/jmb-art.fr\/index.php\/2025\/01\/30\/les-lutins-farceurs\/\">Les Lutins Farceurs<\/a><\/td><td class=\"has-text-align-center\" data-align=\"center\"><a href=\"https:\/\/jmb-art.fr\/index.php\/2023\/06\/12\/vraiment-pas-si-betes\/\">Vraiment pas si B\u00eates<\/a><\/td><\/tr><tr><td class=\"has-text-align-center\" data-align=\"center\"><a href=\"https:\/\/jmb-art.fr\/index.php\/2023\/07\/08\/2023\/\">A la Une, \u00e0 la 2, \u00e0 la 2023 !<\/a><\/td><td class=\"has-text-align-center\" data-align=\"center\"><a href=\"https:\/\/jmb-art.fr\/index.php\/2024\/02\/12\/boumbadaboum\/\">BoumBaDaBoum<\/a><\/td><td class=\"has-text-align-center\" data-align=\"center\"><a href=\"https:\/\/jmb-art.fr\/index.php\/boutique\/\"><strong>BOUTIQUE<\/strong><\/a><\/td><\/tr><\/tbody><\/table><\/figure>\n\n\n\n<p>Vous pouvez \u00e9galement retrouver quelques uns de mes dessins \u00e0 la Galerie Particulier 47 rue de la r\u00e9publique \u00e0 Seurre.<\/p>\n\n\n\n<div class=\"wp-block-columns is-layout-flex wp-container-core-columns-is-layout-28f84493 wp-block-columns-is-layout-flex\">\n<div class=\"wp-block-column is-layout-flow wp-block-column-is-layout-flow\">\n<figure class=\"wp-block-image size-large\"><a href=\"https:\/\/gabinchristelle.wixsite.com\/particulier\" target=\"_blank\" rel=\" noreferrer noopener\"><img loading=\"lazy\" decoding=\"async\" width=\"625\" height=\"1024\" src=\"https:\/\/jmb-art.fr\/wp-content\/uploads\/2025\/11\/Logo-Particulier-625x1024.jpg\" alt=\"\" class=\"wp-image-914\" srcset=\"https:\/\/jmb-art.fr\/wp-content\/uploads\/2025\/11\/Logo-Particulier-625x1024.jpg 625w, https:\/\/jmb-art.fr\/wp-content\/uploads\/2025\/11\/Logo-Particulier-183x300.jpg 183w, https:\/\/jmb-art.fr\/wp-content\/uploads\/2025\/11\/Logo-Particulier.jpg 715w\" sizes=\"auto, (max-width: 625px) 100vw, 625px\" \/><\/a><\/figure>\n<\/div>\n\n\n\n<div class=\"wp-block-column is-layout-flow wp-block-column-is-layout-flow\"><\/div>\n<\/div>\n\n\n\n<div class=\"wp-block-buttons is-layout-flex wp-block-buttons-is-layout-flex\">\n<div class=\"wp-block-button\"><a class=\"wp-block-button__link wp-element-button\" href=\"https:\/\/gabinchristelle.wixsite.com\/particulier\" target=\"_blank\" rel=\"noreferrer noopener\">P&rsquo; ART&rsquo; ticulier : cliquer ici<\/a><\/div>\n<\/div>\n\n\n<p><noscript><a href=\"https:\/\/www.compteurdevisite.com\" title=\"compteur pour blog\"><img decoding=\"async\" src=\"https:\/\/counter6.optistats.ovh\/private\/compteurdevisite.php?c=cjjlwb2uez2c24afx7q4bsf8c6qb8q42\" border=\"0\" title=\"compteur pour blog\" alt=\"Compteur pour blog\"><\/a><\/noscript><\/p>","protected":false},"excerpt":{"rendered":"<p>Les Excuses du Lundi Les Lutins Farceurs Vraiment pas si B\u00eates A la Une, \u00e0 la 2, \u00e0 la 2023 ! BoumBaDaBoum BOUTIQUE Vous pouvez \u00e9galement retrouver quelques uns de mes dessins \u00e0 la Galerie Particulier 47 rue de la r\u00e9publique \u00e0 Seurre.<\/p>\n","protected":false},"author":1,"featured_media":0,"parent":0,"menu_order":0,"comment_status":"closed","ping_status":"closed","template":"","meta":{"footnotes":""},"class_list":["post-36","page","type-page","status-publish","hentry","entry"],"_links":{"self":[{"href":"https:\/\/jmb-art.fr\/index.php\/wp-json\/wp\/v2\/pages\/36","targetHints":{"allow":["GET"]}}],"collection":[{"href":"https:\/\/jmb-art.fr\/index.php\/wp-json\/wp\/v2\/pages"}],"about":[{"href":"https:\/\/jmb-art.fr\/index.php\/wp-json\/wp\/v2\/types\/page"}],"author":[{"embeddable":true,"href":"https:\/\/jmb-art.fr\/index.php\/wp-json\/wp\/v2\/users\/1"}],"replies":[{"embeddable":true,"href":"https:\/\/jmb-art.fr\/index.php\/wp-json\/wp\/v2\/comments?post=36"}],"version-history":[{"count":74,"href":"https:\/\/jmb-art.fr\/index.php\/wp-json\/wp\/v2\/pages\/36\/revisions"}],"predecessor-version":[{"id":941,"href":"https:\/\/jmb-art.fr\/index.php\/wp-json\/wp\/v2\/pages\/36\/revisions\/941"}],"wp:attachment":[{"href":"https:\/\/jmb-art.fr\/index.php\/wp-json\/wp\/v2\/media?parent=36"}],"curies":[{"name":"wp","href":"https:\/\/api.w.org\/{rel}","templated":true}]}}